{"id":218,"date":"2015-05-13T10:10:31","date_gmt":"2015-05-13T10:10:31","guid":{"rendered":"https:\/\/matogrosso.cz\/?page_id=218"},"modified":"2021-06-13T13:29:05","modified_gmt":"2021-06-13T11:29:05","slug":"218-2","status":"publish","type":"page","link":"https:\/\/matogrosso.cz\/en\/218-2\/","title":{"rendered":"SC Pricing &#8211; Team &#8211; Testimonial"},"content":{"rendered":"<section  id=\"section-69e3295351ee0\" class=\"fw-main-row   auto\"  style=\"  \"  >\r\n    <div >\r\n        <div class=\"fw-container sections\">\r\n            <div class=\"fw-row\">\n\t\r\n\r\n<div id=\"column-69e329535247e\" class=\"fw-col-sm-12       wow fadeInUp animated\" data-wow-offset=\"120\" data-wow-duration=\"1.5s\" style=\"  \">\r\n        <div class=\"fw-main-row\">\r\n        <div class=\"fw-col-inner\" >\r\n            \r\n<div class=\"fw-heading fw-heading-h1 fw-heading-center   wow fadeIn animated\" data-wow-offset=\"120\" data-wow-duration=\"1.5s\" style=\" color:\">\r\n\t    <div class=\"\"><h1 class='fw-special-title'>Rent pricing Table<\/h1><\/div>\r\n\r\n\t\r\n\t\t\t<span class=\"underline\">&nbsp;<\/span>\r\n\t\r\n\r\n<\/div>        <\/div>\r\n    <\/div>\r\n\r\n\r\n<\/div><\/div>\n\n<div class=\"fw-row\">\n\t\r\n\r\n<div id=\"column-69e3295352ba9\" class=\"fw-col-sm-12       wow fadeInUp animated\" data-wow-offset=\"120\" data-wow-duration=\"1.5s\" style=\"  \">\r\n        <div class=\"fw-main-row\">\r\n        <div class=\"fw-col-inner\" >\r\n            <div class=\"fw-table\">\r\n\t<table>\r\n\t\t\t\t\t\t\t\t\t<thead>\r\n\t\t\t\t\t<tr class=\"heading-row\">\r\n\t\t\t\t\t\t\t\t\t\t\t\t\t<th class=\"default-col\">\r\n\t\t\t\t\t\t\t\tDays\t\t\t\t\t\t\t\t\t<\/th>\r\n\t\t\t\t\t\t\t\t\t\t\t\t\t<th class=\"default-col\">\r\n\t\t\t\t\t\t\t\tDaily limit for 200km\t\t\t\t\t\t\t\t<\/th>\r\n\t\t\t\t\t\t\t\t\t\t\t\t\t<th class=\"default-col\">\r\n\t\t\t\t\t\t\t\tDaily limit for 300km\t\t\t\t\t\t\t<\/th>\r\n\t\t\t\t\t\t\t\t\t\t\t<\/tr>\r\n\t\t\t\t<\/thead>\r\n\t\t\t\t\t\t\t\t\t\t\t\t<tr class=\"default-row\">\r\n\t\t\t\t\t\t\t\t\t\t\t<td class=\"default-col\">\r\n\t\t\t\t\t\t\t\t\t\t\t\t\t<\/td>\r\n\t\t\t\t\t\t\t\t\t\t\t<td class=\"default-col\">\r\n\t\t\t\t\t\t\t\t\t\t\t\t\t<\/td>\r\n\t\t\t\t\t\t\t\t\t\t\t<td class=\"default-col\">\r\n\t\t\t\t\t\t\t\t\t\t\t\t\t<\/td>\r\n\t\t\t\t\t\t\t\t\t<\/tr>\r\n\t\t\t\t\t\t\t\t\t\t\t\t<tr class=\"default-row\">\r\n\t\t\t\t\t\t\t\t\t\t\t<td class=\"default-col\">\r\n\t\t\t\t\t\t\t1-2\t\t\t\t\t\t\t\t\t<\/td>\r\n\t\t\t\t\t\t\t\t\t\t\t<td class=\"default-col\">\r\n\t\t\t\t\t\t\t2 299 CZK\t\t\t\t\t\t\t\t\t\t\t\t\t\t<\/td>\r\n\t\t\t\t\t\t\t\t\t\t\t<td class=\"default-col\">\r\n\t\t\t\t\t\t\t2 499 CZK\t\t\t\t\t\t\t\t\t\t\t\t\t<\/td>\r\n\t\t\t\t\t\t\t\t\t<\/tr>\r\n\t\t\t\t\t\t\t\t\t\t\t\t<tr class=\"default-row\">\r\n\t\t\t\t\t\t\t\t\t\t\t<td class=\"default-col\">\r\n\t\t\t\t\t\t\t3-4\t\t\t\t\t\t\t\t\t\t\t\t<\/td>\r\n\t\t\t\t\t\t\t\t\t\t\t<td class=\"default-col\">\r\n\t\t\t\t\t\t\t1 899 CZK\t\t\t\t\t\t\t\t\t\t\t\t\t\t\t<\/td>\r\n\t\t\t\t\t\t\t\t\t\t\t<td class=\"default-col\">\r\n\t\t\t\t\t\t\t2 199 CZK\t\t\t\t\t\t\t\t\t\t\t\t\t\t\t\t\t<\/td>\r\n\t\t\t\t\t\t\t\t\t<\/tr>\r\n\t\t\t\t\t\t\t\t\t\t\t\t<tr class=\"default-row\">\r\n\t\t\t\t\t\t\t\t\t\t\t<td class=\"default-col\">\r\n\t\t\t\t\t\t\t5-14\t\t\t\t\t\t\t\t<\/td>\r\n\t\t\t\t\t\t\t\t\t\t\t<td class=\"default-col\">\r\n\t\t\t\t\t\t\t1 499 CZK\t\t\t\t\t\t<\/td>\r\n\t\t\t\t\t\t\t\t\t\t\t<td class=\"default-col\">\r\n\t\t\t\t\t\t\t1 799 CZK\t\t\t\t\t\t\t\t\t\t\t\t\t<\/td>\r\n\t\t\t\t\t\t\t\t\t<\/tr>\r\n\t\t\t\t\t\t\t\t\t\t\t\t<tr class=\"default-row\">\r\n\t\t\t\t\t\t\t\t\t\t\t<td class=\"default-col\">\r\n\t\t\t\t\t\t\t15-29\t\t\t\t\t\t\t\t\t\t\t\t\t<\/td>\r\n\t\t\t\t\t\t\t\t\t\t\t<td class=\"default-col\">\r\n\t\t\t\t\t\t\t1 399 CZK\t\t\t\t\t\t<\/td>\r\n\t\t\t\t\t\t\t\t\t\t\t<td class=\"default-col\">\r\n\t\t\t\t\t\t\t1 599 CZK\t\t\t\t\t\t\t\t\t\t\t\t\t\t<\/td>\r\n\t\t\t\t\t\t\t\t\t<\/tr>\r\n\t\t\t\t\t\t\t\t\t\t\t\t<tr class=\"default-row\">\r\n\t\t\t\t\t\t\t\t\t\t\t<td class=\"default-col\">\r\n\t\t\t\t\t\t\t30-60\t\t\t\t\t\t\t\t\t\t\t\t<\/td>\r\n\t\t\t\t\t\t\t\t\t\t\t<td class=\"default-col\">\r\n\t\t\t\t\t\t\t999 CZK\t\t\t\t\t\t\t\t\t\t\t\t<\/td>\r\n\t\t\t\t\t\t\t\t\t\t\t<td class=\"default-col\">\r\n\t\t\t\t\t\t\t1 299 CZK\t\t\t\t\t\t\t\t\t\t\t\t\t<\/td>\r\n\t\t\t\t\t\t\t\t\t<\/tr>\r\n\t\t\t\t\t\t\t\t\t\t\t\t<tr class=\"default-row\">\r\n\t\t\t\t\t\t\t\t\t\t\t<td class=\"default-col\">\r\n\t\t\t\t\t\t\t60-90\t\t\t\t\t\t\t\t\t\t\t\t<\/td>\r\n\t\t\t\t\t\t\t\t\t\t\t<td class=\"default-col\">\r\n\t\t\t\t\t\t\t899 CZK\t\t\t\t\t\t\t\t\t\t\t\t\t<\/td>\r\n\t\t\t\t\t\t\t\t\t\t\t<td class=\"default-col\">\r\n\t\t\t\t\t\t\t1 199 CZK\t\t\t\t\t\t\t\t\t\t\t\t\t<\/td>\r\n\t\t\t\t\t\t\t\t\t<\/tr>\r\n\t\t\t\t\t\t\t\t\t\t\t\t<tr class=\"default-row\">\r\n\t\t\t\t\t\t\t\t\t\t\t<td class=\"default-col\">\r\n\t\t\t\t\t\t\t90 and more\t\t\t\t\t\t<\/td>\r\n\t\t\t\t\t\t\t\t\t\t\t<td class=\"default-col\">\r\n\t\t\t\t\t\t\t799 CZK\t\t\t\t\t\t<\/td>\r\n\t\t\t\t\t\t\t\t\t\t\t<td class=\"default-col\">\r\n\t\t\t\t\t\t\t999 CZK\t\t\t\t\t\t<\/td>\r\n\t\t\t\t\t\t\t\t\t<\/tr>\r\n\t\t\t\t\t\t\t\t\t\t\t\t<tr class=\"default-row\">\r\n\t\t\t\t\t\t\t\t\t\t\t<td class=\"default-col\">\r\n\t\t\t\t\t\t\t\t\t\t\t\t\t<\/td>\r\n\t\t\t\t\t\t\t\t\t\t\t<td class=\"default-col\">\r\n\t\t\t\t\t\t\t\t\t\t\t\t\t<\/td>\r\n\t\t\t\t\t\t\t\t\t\t\t<td class=\"default-col\">\r\n\t\t\t\t\t\t\t\t\t\t\t\t\t<\/td>\r\n\t\t\t\t\t\t\t\t\t<\/tr>\r\n\t\t\t\t\t\t\t\t\t\t\t\t<tr class=\"default-row\">\r\n\t\t\t\t\t\t\t\t\t\t\t<td class=\"default-col\">\r\n\t\t\t\t\t\t\tWeekend (Fri 13:00 - Mon 9:00)\t\t\t\t\t\t<\/td>\r\n\t\t\t\t\t\t\t\t\t\t\t<td class=\"default-col\">\r\n\t\t\t\t\t\t\t4 500 CZK\t\t\t\t\t\t<\/td>\r\n\t\t\t\t\t\t\t\t\t\t\t<td class=\"default-col\">\r\n\t\t\t\t\t\t\t4 800 CZK\t\t\t\t\t\t<\/td>\r\n\t\t\t\t\t\t\t\t\t<\/tr>\r\n\t\t\t\t\t\t\t\t\t\t\t\t<tr class=\"default-row\">\r\n\t\t\t\t\t\t\t\t\t\t\t<td class=\"default-col\">\r\n\t\t\t\t\t\t\t\t\t\t\t\t\t<\/td>\r\n\t\t\t\t\t\t\t\t\t\t\t<td class=\"default-col\">\r\n\t\t\t\t\t\t\t\t\t\t\t\t\t<\/td>\r\n\t\t\t\t\t\t\t\t\t\t\t<td class=\"default-col\">\r\n\t\t\t\t\t\t\t\t\t\t\t\t\t<\/td>\r\n\t\t\t\t\t\t\t\t\t<\/tr>\r\n\t\t\t\t\t\t\t\t\t\t\t\t<thead>\r\n\t\t\t\t\t<tr class=\"heading-row\">\r\n\t\t\t\t\t\t\t\t\t\t\t\t\t<th class=\"default-col\">\r\n\t\t\t\t\t\t\t\tEquipment pricing Table\t\t\t\t\t\t\t<\/th>\r\n\t\t\t\t\t\t\t\t\t\t\t\t\t<th class=\"default-col\">\r\n\t\t\t\t\t\t\t\tPrice per the day\t\t\t\t\t\t\t<\/th>\r\n\t\t\t\t\t\t\t\t\t\t\t\t\t<th class=\"default-col\">\r\n\t\t\t\t\t\t\t\tSpecial notes\t\t\t\t\t\t\t<\/th>\r\n\t\t\t\t\t\t\t\t\t\t\t<\/tr>\r\n\t\t\t\t<\/thead>\r\n\t\t\t\t\t\t\t\t\t\t\t\t<tr class=\"default-row\">\r\n\t\t\t\t\t\t\t\t\t\t\t<td class=\"default-col\">\r\n\t\t\t\t\t\t\tRoof box\t\t\t\t\t\t<\/td>\r\n\t\t\t\t\t\t\t\t\t\t\t<td class=\"default-col\">\r\n\t\t\t\t\t\t\t159 CZK\t\t\t\t\t\t<\/td>\r\n\t\t\t\t\t\t\t\t\t\t\t<td class=\"default-col\">\r\n\t\t\t\t\t\t\tFREE installation\t\t\t\t\t\t<\/td>\r\n\t\t\t\t\t\t\t\t\t<\/tr>\r\n\t\t\t\t\t\t\t\t\t\t\t\t<tr class=\"default-row\">\r\n\t\t\t\t\t\t\t\t\t\t\t<td class=\"default-col\">\r\n\t\t\t\t\t\t\tSt\u0159e\u0161n\u00ed nosi\u010d\t\t\t\t\t\t<\/td>\r\n\t\t\t\t\t\t\t\t\t\t\t<td class=\"default-col\">\r\n\t\t\t\t\t\t\t99 CZK\t\t\t\t\t\t<\/td>\r\n\t\t\t\t\t\t\t\t\t\t\t<td class=\"default-col\">\r\n\t\t\t\t\t\t\tFREE installation\t\t\t\t\t\t<\/td>\r\n\t\t\t\t\t\t\t\t\t<\/tr>\r\n\t\t\t\t\t\t\t\t\t\t\t\t<tr class=\"default-row\">\r\n\t\t\t\t\t\t\t\t\t\t\t<td class=\"default-col\">\r\n\t\t\t\t\t\t\tPrivate Driver\t\t\t\t\t\t<\/td>\r\n\t\t\t\t\t\t\t\t\t\t\t<td class=\"default-col\">\r\n\t\t\t\t\t\t\t730 CZK\/h + 8,20 CZK\/km\t\t\t\t\t\t<\/td>\r\n\t\t\t\t\t\t\t\t\t\t\t<td class=\"default-col\">\r\n\t\t\t\t\t\t\t\t\t\t\t\t\t<\/td>\r\n\t\t\t\t\t\t\t\t\t<\/tr>\r\n\t\t\t\t\t\t\t\t\t\t\t\t<tr class=\"default-row\">\r\n\t\t\t\t\t\t\t\t\t\t\t<td class=\"default-col\">\r\n\t\t\t\t\t\t\tBring the vehicle\t\t\t\t\t\t<\/td>\r\n\t\t\t\t\t\t\t\t\t\t\t<td class=\"default-col\">\r\n\t\t\t\t\t\t\t350 CZK\t\t\t\t\t\t<\/td>\r\n\t\t\t\t\t\t\t\t\t\t\t<td class=\"default-col\">\r\n\t\t\t\t\t\t\tFREE for Prague 3, 7, 8, 9, 10\t\t\t\t\t\t<\/td>\r\n\t\t\t\t\t\t\t\t\t<\/tr>\r\n\t\t\t\t\t\t\t\t\t\t\t\t<tr class=\"default-row\">\r\n\t\t\t\t\t\t\t\t\t\t\t<td class=\"default-col\">\r\n\t\t\t\t\t\t\tALL INCLUSIVE\t\t\t\t\t\t<\/td>\r\n\t\t\t\t\t\t\t\t\t\t\t<td class=\"default-col\">\r\n\t\t\t\t\t\t\tpricing calculate\t\t\t\t\t\t<\/td>\r\n\t\t\t\t\t\t\t\t\t\t\t<td class=\"default-col\">\r\n\t\t\t\t\t\t\t10-20% discount for all equipments\t\t\t\t\t\t<\/td>\r\n\t\t\t\t\t\t\t\t\t<\/tr>\r\n\t\t\t\t\t\t\t\t\t\t\t\t<tr class=\"default-row\">\r\n\t\t\t\t\t\t\t\t\t\t\t<td class=\"default-col\">\r\n\t\t\t\t\t\t\t\t\t\t\t\t\t<\/td>\r\n\t\t\t\t\t\t\t\t\t\t\t<td class=\"default-col\">\r\n\t\t\t\t\t\t\t\t\t\t\t\t\t<\/td>\r\n\t\t\t\t\t\t\t\t\t\t\t<td class=\"default-col\">\r\n\t\t\t\t\t\t\t\t\t\t\t\t\t<\/td>\r\n\t\t\t\t\t\t\t\t\t<\/tr>\r\n\t\t\t\t\t\t\t\t\t\t\t\t<thead>\r\n\t\t\t\t\t<tr class=\"heading-row\">\r\n\t\t\t\t\t\t\t\t\t\t\t\t\t<th class=\"default-col\">\r\n\t\t\t\t\t\t\t\tFees and guarantee pricing Table\t\t\t\t\t\t\t<\/th>\r\n\t\t\t\t\t\t\t\t\t\t\t\t\t<th class=\"default-col\">\r\n\t\t\t\t\t\t\t\tPrice\t\t\t\t\t\t\t<\/th>\r\n\t\t\t\t\t\t\t\t\t\t\t\t\t<th class=\"default-col\">\r\n\t\t\t\t\t\t\t\tSpecial notes\t\t\t\t\t\t\t<\/th>\r\n\t\t\t\t\t\t\t\t\t\t\t<\/tr>\r\n\t\t\t\t<\/thead>\r\n\t\t\t\t\t\t\t\t\t\t\t\t<tr class=\"default-row\">\r\n\t\t\t\t\t\t\t\t\t\t\t<td class=\"default-col\">\r\n\t\t\t\t\t\t\tFEE for Rent outside opening hours\t\t\t\t\t\t<\/td>\r\n\t\t\t\t\t\t\t\t\t\t\t<td class=\"default-col\">\r\n\t\t\t\t\t\t\t300 CZK\t\t\t\t\t\t<\/td>\r\n\t\t\t\t\t\t\t\t\t\t\t<td class=\"default-col\">\r\n\t\t\t\t\t\t\tOtev\u00edrac\u00ed hodiny Po - P\u00e1 8:00 - 20:00\t\t\t\t\t\t<\/td>\r\n\t\t\t\t\t\t\t\t\t<\/tr>\r\n\t\t\t\t\t\t\t\t\t\t\t\t<tr class=\"default-row\">\r\n\t\t\t\t\t\t\t\t\t\t\t<td class=\"default-col\">\r\n\t\t\t\t\t\t\tFEE for Small clean of car\t\t\t\t\t\t<\/td>\r\n\t\t\t\t\t\t\t\t\t\t\t<td class=\"default-col\">\r\n\t\t\t\t\t\t\t450 CZK\t\t\t\t\t\t<\/td>\r\n\t\t\t\t\t\t\t\t\t\t\t<td class=\"default-col\">\r\n\t\t\t\t\t\t\tCheck after rent\t\t\t\t\t\t<\/td>\r\n\t\t\t\t\t\t\t\t\t<\/tr>\r\n\t\t\t\t\t\t\t\t\t\t\t\t<tr class=\"default-row\">\r\n\t\t\t\t\t\t\t\t\t\t\t<td class=\"default-col\">\r\n\t\t\t\t\t\t\tFEE for Middle clean of car\t\t\t\t\t\t<\/td>\r\n\t\t\t\t\t\t\t\t\t\t\t<td class=\"default-col\">\r\n\t\t\t\t\t\t\t2 500 CZK\t\t\t\t\t\t<\/td>\r\n\t\t\t\t\t\t\t\t\t\t\t<td class=\"default-col\">\r\n\t\t\t\t\t\t\tCheck after rent\t\t\t\t\t\t<\/td>\r\n\t\t\t\t\t\t\t\t\t<\/tr>\r\n\t\t\t\t\t\t\t\t\t\t\t\t<tr class=\"default-row\">\r\n\t\t\t\t\t\t\t\t\t\t\t<td class=\"default-col\">\r\n\t\t\t\t\t\t\tFEE for Large clean of car\t\t\t\t\t\t<\/td>\r\n\t\t\t\t\t\t\t\t\t\t\t<td class=\"default-col\">\r\n\t\t\t\t\t\t\t10 000 CZK\t\t\t\t\t\t<\/td>\r\n\t\t\t\t\t\t\t\t\t\t\t<td class=\"default-col\">\r\n\t\t\t\t\t\t\tCheck after rent\t\t\t\t\t\t<\/td>\r\n\t\t\t\t\t\t\t\t\t<\/tr>\r\n\t\t\t\t\t\t\t\t\t\t\t\t<tr class=\"default-row\">\r\n\t\t\t\t\t\t\t\t\t\t\t<td class=\"default-col\">\r\n\t\t\t\t\t\t\t\t\t\t\t\t\t<\/td>\r\n\t\t\t\t\t\t\t\t\t\t\t<td class=\"default-col\">\r\n\t\t\t\t\t\t\t\t\t\t\t\t\t<\/td>\r\n\t\t\t\t\t\t\t\t\t\t\t<td class=\"default-col\">\r\n\t\t\t\t\t\t\t\t\t\t\t\t\t<\/td>\r\n\t\t\t\t\t\t\t\t\t<\/tr>\r\n\t\t\t\t\t\t\t\t\t\t\t\t<tr class=\"default-row\">\r\n\t\t\t\t\t\t\t\t\t\t\t<td class=\"default-col\">\r\n\t\t\t\t\t\t\tGUARANTEE for vehicle\t\t\t\t\t\t<\/td>\r\n\t\t\t\t\t\t\t\t\t\t\t<td class=\"default-col\">\r\n\t\t\t\t\t\t\t15 000 CZK\t\t\t\t\t\t<\/td>\r\n\t\t\t\t\t\t\t\t\t\t\t<td class=\"default-col\">\r\n\t\t\t\t\t\t\tKontrola p\u0159ed pron\u00e1jmem\t\t\t\t\t\t<\/td>\r\n\t\t\t\t\t\t\t\t\t<\/tr>\r\n\t\t\t\t\t\t\t\t\t\t\t\t<tr class=\"default-row\">\r\n\t\t\t\t\t\t\t\t\t\t\t<td class=\"default-col\">\r\n\t\t\t\t\t\t\tGUARANTEE for roof box\t\t\t\t\t\t<\/td>\r\n\t\t\t\t\t\t\t\t\t\t\t<td class=\"default-col\">\r\n\t\t\t\t\t\t\t3 000 CZK\t\t\t\t\t\t<\/td>\r\n\t\t\t\t\t\t\t\t\t\t\t<td class=\"default-col\">\r\n\t\t\t\t\t\t\tKontrola p\u0159ed pron\u00e1jmem\t\t\t\t\t\t<\/td>\r\n\t\t\t\t\t\t\t\t\t<\/tr>\r\n\t\t\t\t\t\t\t\t\t\t\t\t<tr class=\"default-row\">\r\n\t\t\t\t\t\t\t\t\t\t\t<td class=\"default-col\">\r\n\t\t\t\t\t\t\tKauce za p\u0159\u00edv\u011bs\t\t\t\t\t\t<\/td>\r\n\t\t\t\t\t\t\t\t\t\t\t<td class=\"default-col\">\r\n\t\t\t\t\t\t\t3 000 CZK\t\t\t\t\t\t<\/td>\r\n\t\t\t\t\t\t\t\t\t\t\t<td class=\"default-col\">\r\n\t\t\t\t\t\t\tKontrola p\u0159ed pron\u00e1jmem\t\t\t\t\t\t<\/td>\r\n\t\t\t\t\t\t\t\t\t<\/tr>\r\n\t\t\t\t\t\t<\/table>\r\n<\/div>        <\/div>\r\n    <\/div>\r\n\r\n\r\n<\/div><\/div>\n\n<div class=\"fw-row\">\n\t\r\n\r\n<div id=\"column-69e32953532e0\" class=\"fw-col-sm-12       wow fadeInUp animated\" data-wow-offset=\"120\" data-wow-duration=\"1.5s\" style=\"  \">\r\n        <div class=\"fw-main-row\">\r\n        <div class=\"fw-col-inner\" >\r\n            <section id=\"section-606c77d6ad610\" class=\"fw-main-row   auto\"><div><div class=\"fw-container sections\"><div class=\"fw-row\"><div id=\"column-606c77d6b0987\" class=\"fw-col-sm-12       wow fadeInUp animated animated\" data-wow-offset=\"120\" data-wow-duration=\"1.5s\"><div class=\"fw-main-row\"><div class=\"fw-col-inner\"><p><strong>* exceeding the daily limit 5 CZK\/km<\/strong><br \/><strong>*<\/strong><strong>ve\u0161ker\u00e9 ceny jsou uveden\u00e9 bez DPH<br \/><\/strong><strong>*minim\u00e1ln\u00ed v\u011bk \u0159idi\u010de mus\u00ed b\u00fdt 23let<br \/><\/strong><strong>*je zapot\u0159eb\u00ed dvou doklad\u016f toto\u017enosti<\/strong><\/p><\/div><\/div><\/div><\/div><\/div><\/div><\/section>        <\/div>\r\n    <\/div>\r\n\r\n\r\n<\/div><\/div>\n\n        <\/div>\r\n    <\/div>\r\n<\/section>","protected":false},"excerpt":{"rendered":"<p>Cen\u00edk pron\u00e1jm\u016f &nbsp; Po\u010det dn\u00ed Denn\u00ed limit 200km Denn\u00ed limit 300km 1-2 2 299 CZK 2 499 CZK 3-4 1 899 CZK 2 199 CZK 5-14 1 499 CZK 1 799 CZK 15-29 1 399 CZK 1 599 CZK 30-60 999 CZK 1 299 CZK 60-90 899 CZK 1 199 CZK 90 a v\u00edce 799 [&hellip;]<\/p>","protected":false},"author":1,"featured_media":0,"parent":0,"menu_order":0,"comment_status":"open","ping_status":"open","template":"template-full-width.php","meta":[],"_links":{"self":[{"href":"https:\/\/matogrosso.cz\/en\/wp-json\/wp\/v2\/pages\/218"}],"collection":[{"href":"https:\/\/matogrosso.cz\/en\/wp-json\/wp\/v2\/pages"}],"about":[{"href":"https:\/\/matogrosso.cz\/en\/wp-json\/wp\/v2\/types\/page"}],"author":[{"embeddable":true,"href":"https:\/\/matogrosso.cz\/en\/wp-json\/wp\/v2\/users\/1"}],"replies":[{"embeddable":true,"href":"https:\/\/matogrosso.cz\/en\/wp-json\/wp\/v2\/comments?post=218"}],"version-history":[{"count":20,"href":"https:\/\/matogrosso.cz\/en\/wp-json\/wp\/v2\/pages\/218\/revisions"}],"predecessor-version":[{"id":364,"href":"https:\/\/matogrosso.cz\/en\/wp-json\/wp\/v2\/pages\/218\/revisions\/364"}],"wp:attachment":[{"href":"https:\/\/matogrosso.cz\/en\/wp-json\/wp\/v2\/media?parent=218"}],"curies":[{"name":"wp","href":"https:\/\/api.w.org\/{rel}","templated":true}]}}